{"id":2,"date":"2026-03-05T02:22:04","date_gmt":"2026-03-05T02:22:04","guid":{"rendered":"https:\/\/juansolis.com\/?page_id=2"},"modified":"2026-03-05T04:15:27","modified_gmt":"2026-03-05T04:15:27","slug":"sp","status":"publish","type":"page","link":"https:\/\/juansolis.com\/index.php\/sp\/","title":{"rendered":"SP"},"content":{"rendered":"\n<p>Este espacio no naci\u00f3 ayer. Durante m\u00e1s de dos d\u00e9cadas, hemos mantenido un registro constante en la red a trav\u00e9s de HTML simple, priorizando siempre la informaci\u00f3n sobre el adorno. Hoy, la evoluci\u00f3n t\u00e9cnica nos obliga a un cambio de forma, pero bajo ninguna circunstancia de fondo.<\/p>\n\n\n\n<p>Hemos migrado a una plataforma que permite una lectura eficiente en dispositivos m\u00f3viles, optimizando el consumo de datos y eliminando cualquier distracci\u00f3n visual innecesaria. El dise\u00f1o que el lector tiene frente a sus ojos \u2014inspirado en los cl\u00e1sicos clasificados de prensa\u2014 es una declaraci\u00f3n de principios: rapidez, minimalismo y respeto por el tiempo del usuario.<\/p>\n\n\n\n<p>Nuestras editoriales ahora conviven con un archivo hist\u00f3rico de 25 a\u00f1os que permanece intacto, accesible y fiel a su origen. No buscamos el artificio de los algoritmos modernos, sino la claridad del texto puro.<\/p>\n\n\n\n<p>Bienvenidos a esta nueva etapa. Lo que importa sigue siendo la palabra.<\/p>\n","protected":false},"excerpt":{"rendered":"<p>Este espacio no naci\u00f3 ayer. Durante m\u00e1s de dos d\u00e9cadas, hemos mantenido un registro constante en la red a trav\u00e9s de HTML simple, priorizando siempre la informaci\u00f3n sobre el adorno. Hoy, la evoluci\u00f3n t\u00e9cnica nos obliga a un cambio de forma, pero bajo ninguna circunstancia de fondo. Hemos migrado a una plataforma que permite una &#8230; <a title=\"SP\" class=\"read-more\" href=\"https:\/\/juansolis.com\/index.php\/sp\/\" aria-label=\"Leer m\u00e1s sobre SP\">Leer m\u00e1s<\/a><\/p>\n","protected":false},"author":1,"featured_media":0,"parent":0,"menu_order":0,"comment_status":"closed","ping_status":"closed","template":"","meta":{"footnotes":""},"class_list":["post-2","page","type-page","status-publish"],"_links":{"self":[{"href":"https:\/\/juansolis.com\/index.php\/wp-json\/wp\/v2\/pages\/2","targetHints":{"allow":["GET"]}}],"collection":[{"href":"https:\/\/juansolis.com\/index.php\/wp-json\/wp\/v2\/pages"}],"about":[{"href":"https:\/\/juansolis.com\/index.php\/wp-json\/wp\/v2\/types\/page"}],"author":[{"embeddable":true,"href":"https:\/\/juansolis.com\/index.php\/wp-json\/wp\/v2\/users\/1"}],"replies":[{"embeddable":true,"href":"https:\/\/juansolis.com\/index.php\/wp-json\/wp\/v2\/comments?post=2"}],"version-history":[{"count":3,"href":"https:\/\/juansolis.com\/index.php\/wp-json\/wp\/v2\/pages\/2\/revisions"}],"predecessor-version":[{"id":27,"href":"https:\/\/juansolis.com\/index.php\/wp-json\/wp\/v2\/pages\/2\/revisions\/27"}],"wp:attachment":[{"href":"https:\/\/juansolis.com\/index.php\/wp-json\/wp\/v2\/media?parent=2"}],"curies":[{"name":"wp","href":"https:\/\/api.w.org\/{rel}","templated":true}]}}